{"id":9,"date":"2021-03-30T12:45:11","date_gmt":"2021-03-30T10:45:11","guid":{"rendered":"https:\/\/www.mecklenburg-tourist.de\/en\/?page_id=9"},"modified":"2024-03-12T16:54:51","modified_gmt":"2024-03-12T15:54:51","slug":"start","status":"publish","type":"page","link":"https:\/\/www.mecklenburg-tourist.de\/en\/","title":{"rendered":"Start"},"content":{"rendered":"","protected":false},"excerpt":{"rendered":"","protected":false},"author":1,"featured_media":0,"parent":0,"menu_order":0,"comment_status":"closed","ping_status":"closed","template":"pageStart.php","meta":[],"yoast_head":"<!-- This site is optimized with the Yoast SEO plugin v16.1.1 - https:\/\/yoast.com\/wordpress\/plugins\/seo\/ -->\n<meta name=\"description\" content=\"Campingpl\u00e4tze in Mecklenburg &amp; Brandenburg, mitten in der Natur! Vermietung: Ferienh\u00e4usern, Campingf\u00e4ssern, Wohnwagen\" \/>\n<link rel=\"canonical\" href=\"https:\/\/www.mecklenburg-tourist.de\/en\/\" \/>\n<meta property=\"og:locale\" content=\"de_DE\" \/>\n<meta property=\"og:type\" content=\"article\" \/>\n<meta property=\"og:title\" content=\"Campingplatz | Mecklenburg &amp; Brandenburg | Deutschland\" \/>\n<meta property=\"og:description\" content=\"Campingpl\u00e4tze in Mecklenburg &amp; Brandenburg, mitten in der Natur! Vermietung: Ferienh\u00e4usern, Campingf\u00e4ssern, Wohnwagen\" \/>\n<meta property=\"og:url\" content=\"https:\/\/www.mecklenburg-tourist.de\/en\/\" \/>\n<meta property=\"og:site_name\" content=\"Mecklenburg Tourist\" \/>\n<meta property=\"article:modified_time\" content=\"2024-03-12T15:54:51+00:00\" \/>\n<meta name=\"twitter:card\" content=\"summary_large_image\" \/>\n<script type=\"application\/ld+json\" class=\"yoast-schema-graph\">{\"@context\":\"https:\/\/schema.org\",\"@graph\":[{\"@type\":\"WebSite\",\"@id\":\"https:\/\/www.mecklenburg-tourist.de\/en\/#website\",\"url\":\"https:\/\/www.mecklenburg-tourist.de\/en\/\",\"name\":\"Mecklenburg Tourist\",\"description\":\"Eine weitere WordPress-Website\",\"potentialAction\":[{\"@type\":\"SearchAction\",\"target\":\"https:\/\/www.mecklenburg-tourist.de\/en\/?s={search_term_string}\",\"query-input\":\"required name=search_term_string\"}],\"inLanguage\":\"de\"},{\"@type\":\"WebPage\",\"@id\":\"https:\/\/www.mecklenburg-tourist.de\/en\/#webpage\",\"url\":\"https:\/\/www.mecklenburg-tourist.de\/en\/\",\"name\":\"Campingplatz | Mecklenburg & Brandenburg | Deutschland\",\"isPartOf\":{\"@id\":\"https:\/\/www.mecklenburg-tourist.de\/en\/#website\"},\"datePublished\":\"2021-03-30T10:45:11+00:00\",\"dateModified\":\"2024-03-12T15:54:51+00:00\",\"description\":\"Campingpl\\u00e4tze in Mecklenburg & Brandenburg, mitten in der Natur! Vermietung: Ferienh\\u00e4usern, Campingf\\u00e4ssern, Wohnwagen\",\"breadcrumb\":{\"@id\":\"https:\/\/www.mecklenburg-tourist.de\/en\/#breadcrumb\"},\"inLanguage\":\"de\",\"potentialAction\":[{\"@type\":\"ReadAction\",\"target\":[\"https:\/\/www.mecklenburg-tourist.de\/en\/\"]}]},{\"@type\":\"BreadcrumbList\",\"@id\":\"https:\/\/www.mecklenburg-tourist.de\/en\/#breadcrumb\",\"itemListElement\":[{\"@type\":\"ListItem\",\"position\":1,\"item\":{\"@type\":\"WebPage\",\"@id\":\"https:\/\/www.mecklenburg-tourist.de\/en\/\",\"url\":\"https:\/\/www.mecklenburg-tourist.de\/en\/\",\"name\":\"Startseite\"}},{\"@type\":\"ListItem\",\"position\":2,\"item\":{\"@type\":\"WebPage\",\"@id\":\"https:\/\/www.mecklenburg-tourist.de\/en\/\",\"url\":\"https:\/\/www.mecklenburg-tourist.de\/en\/\",\"name\":\"Start\"}}]}]}<\/script>\n<!-- \/ Yoast SEO plugin. -->","_links":{"self":[{"href":"https:\/\/www.mecklenburg-tourist.de\/en\/wp-json\/wp\/v2\/pages\/9"}],"collection":[{"href":"https:\/\/www.mecklenburg-tourist.de\/en\/wp-json\/wp\/v2\/pages"}],"about":[{"href":"https:\/\/www.mecklenburg-tourist.de\/en\/wp-json\/wp\/v2\/types\/page"}],"author":[{"embeddable":true,"href":"https:\/\/www.mecklenburg-tourist.de\/en\/wp-json\/wp\/v2\/users\/1"}],"replies":[{"embeddable":true,"href":"https:\/\/www.mecklenburg-tourist.de\/en\/wp-json\/wp\/v2\/comments?post=9"}],"version-history":[{"count":37,"href":"https:\/\/www.mecklenburg-tourist.de\/en\/wp-json\/wp\/v2\/pages\/9\/revisions"}],"predecessor-version":[{"id":1596,"href":"https:\/\/www.mecklenburg-tourist.de\/en\/wp-json\/wp\/v2\/pages\/9\/revisions\/1596"}],"wp:attachment":[{"href":"https:\/\/www.mecklenburg-tourist.de\/en\/wp-json\/wp\/v2\/media?parent=9"}],"curies":[{"name":"wp","href":"https:\/\/api.w.org\/{rel}","templated":true}]}}