{"id":45,"date":"2021-04-02T12:07:26","date_gmt":"2021-04-02T10:07:26","guid":{"rendered":"https:\/\/www.mecklenburg-tourist.de\/en\/?page_id=45"},"modified":"2023-08-05T13:13:17","modified_gmt":"2023-08-05T11:13:17","slug":"vermietung","status":"publish","type":"page","link":"https:\/\/www.mecklenburg-tourist.de\/en\/vermietung\/","title":{"rendered":"Vermietung"},"content":{"rendered":"<p><img loading=\"lazy\" class=\"alignnone size-medium wp-image-1573\" src=\"https:\/\/www.mecklenburg-tourist.de\/en\/wp-content\/uploads\/2023\/08\/aussicht-300x208.jpg\" alt=\"\" width=\"300\" height=\"208\" srcset=\"https:\/\/www.mecklenburg-tourist.de\/en\/wp-content\/uploads\/2023\/08\/aussicht-300x208.jpg 300w, https:\/\/www.mecklenburg-tourist.de\/en\/wp-content\/uploads\/2023\/08\/aussicht-1024x709.jpg 1024w, https:\/\/www.mecklenburg-tourist.de\/en\/wp-content\/uploads\/2023\/08\/aussicht-768x532.jpg 768w, https:\/\/www.mecklenburg-tourist.de\/en\/wp-content\/uploads\/2023\/08\/aussicht-1536x1064.jpg 1536w, https:\/\/www.mecklenburg-tourist.de\/en\/wp-content\/uploads\/2023\/08\/aussicht-2048x1418.jpg 2048w, https:\/\/www.mecklenburg-tourist.de\/en\/wp-content\/uploads\/2023\/08\/aussicht-1300x900.jpg 1300w\" sizes=\"(max-width: 300px) 100vw, 300px\" \/> <img loading=\"lazy\" class=\"alignnone size-medium wp-image-1574\" src=\"https:\/\/www.mecklenburg-tourist.de\/en\/wp-content\/uploads\/2023\/08\/aussicht2-300x225.jpg\" alt=\"\" width=\"300\" height=\"225\" srcset=\"https:\/\/www.mecklenburg-tourist.de\/en\/wp-content\/uploads\/2023\/08\/aussicht2-300x225.jpg 300w, https:\/\/www.mecklenburg-tourist.de\/en\/wp-content\/uploads\/2023\/08\/aussicht2-1024x768.jpg 1024w, https:\/\/www.mecklenburg-tourist.de\/en\/wp-content\/uploads\/2023\/08\/aussicht2-768x576.jpg 768w, https:\/\/www.mecklenburg-tourist.de\/en\/wp-content\/uploads\/2023\/08\/aussicht2-1536x1152.jpg 1536w, https:\/\/www.mecklenburg-tourist.de\/en\/wp-content\/uploads\/2023\/08\/aussicht2-2048x1536.jpg 2048w, https:\/\/www.mecklenburg-tourist.de\/en\/wp-content\/uploads\/2023\/08\/aussicht2-689x517.jpg 689w, https:\/\/www.mecklenburg-tourist.de\/en\/wp-content\/uploads\/2023\/08\/aussicht2-1200x900.jpg 1200w\" sizes=\"(max-width: 300px) 100vw, 300px\" \/> <img loading=\"lazy\" class=\"alignnone size-medium wp-image-1575\" src=\"https:\/\/www.mecklenburg-tourist.de\/en\/wp-content\/uploads\/2023\/08\/beideEingaenge-300x225.jpg\" alt=\"\" width=\"300\" height=\"225\" srcset=\"https:\/\/www.mecklenburg-tourist.de\/en\/wp-content\/uploads\/2023\/08\/beideEingaenge-300x225.jpg 300w, https:\/\/www.mecklenburg-tourist.de\/en\/wp-content\/uploads\/2023\/08\/beideEingaenge-1024x768.jpg 1024w, https:\/\/www.mecklenburg-tourist.de\/en\/wp-content\/uploads\/2023\/08\/beideEingaenge-768x576.jpg 768w, https:\/\/www.mecklenburg-tourist.de\/en\/wp-content\/uploads\/2023\/08\/beideEingaenge-1536x1152.jpg 1536w, https:\/\/www.mecklenburg-tourist.de\/en\/wp-content\/uploads\/2023\/08\/beideEingaenge-2048x1536.jpg 2048w, https:\/\/www.mecklenburg-tourist.de\/en\/wp-content\/uploads\/2023\/08\/beideEingaenge-689x517.jpg 689w, https:\/\/www.mecklenburg-tourist.de\/en\/wp-content\/uploads\/2023\/08\/beideEingaenge-1200x900.jpg 1200w\" sizes=\"(max-width: 300px) 100vw, 300px\" \/> <img loading=\"lazy\" class=\"alignnone size-medium wp-image-1576\" src=\"https:\/\/www.mecklenburg-tourist.de\/en\/wp-content\/uploads\/2023\/08\/haus-300x225.jpg\" alt=\"\" width=\"300\" height=\"225\" srcset=\"https:\/\/www.mecklenburg-tourist.de\/en\/wp-content\/uploads\/2023\/08\/haus-300x225.jpg 300w, https:\/\/www.mecklenburg-tourist.de\/en\/wp-content\/uploads\/2023\/08\/haus-1024x768.jpg 1024w, https:\/\/www.mecklenburg-tourist.de\/en\/wp-content\/uploads\/2023\/08\/haus-768x576.jpg 768w, https:\/\/www.mecklenburg-tourist.de\/en\/wp-content\/uploads\/2023\/08\/haus-1536x1152.jpg 1536w, https:\/\/www.mecklenburg-tourist.de\/en\/wp-content\/uploads\/2023\/08\/haus-2048x1536.jpg 2048w, https:\/\/www.mecklenburg-tourist.de\/en\/wp-content\/uploads\/2023\/08\/haus-689x517.jpg 689w, https:\/\/www.mecklenburg-tourist.de\/en\/wp-content\/uploads\/2023\/08\/haus-1200x900.jpg 1200w\" sizes=\"(max-width: 300px) 100vw, 300px\" \/> <img loading=\"lazy\" class=\"alignnone size-medium wp-image-1577\" src=\"https:\/\/www.mecklenburg-tourist.de\/en\/wp-content\/uploads\/2023\/08\/hausAussen-300x220.jpg\" alt=\"\" width=\"300\" height=\"220\" srcset=\"https:\/\/www.mecklenburg-tourist.de\/en\/wp-content\/uploads\/2023\/08\/hausAussen-300x220.jpg 300w, https:\/\/www.mecklenburg-tourist.de\/en\/wp-content\/uploads\/2023\/08\/hausAussen-1024x751.jpg 1024w, https:\/\/www.mecklenburg-tourist.de\/en\/wp-content\/uploads\/2023\/08\/hausAussen-768x564.jpg 768w, https:\/\/www.mecklenburg-tourist.de\/en\/wp-content\/uploads\/2023\/08\/hausAussen-1536x1127.jpg 1536w, https:\/\/www.mecklenburg-tourist.de\/en\/wp-content\/uploads\/2023\/08\/hausAussen-2048x1503.jpg 2048w, https:\/\/www.mecklenburg-tourist.de\/en\/wp-content\/uploads\/2023\/08\/hausAussen-1227x900.jpg 1227w\" sizes=\"(max-width: 300px) 100vw, 300px\" \/> <img loading=\"lazy\" class=\"alignnone size-medium wp-image-1578\" src=\"https:\/\/www.mecklenburg-tourist.de\/en\/wp-content\/uploads\/2023\/08\/see-300x225.jpg\" alt=\"\" width=\"300\" height=\"225\" srcset=\"https:\/\/www.mecklenburg-tourist.de\/en\/wp-content\/uploads\/2023\/08\/see-300x225.jpg 300w, https:\/\/www.mecklenburg-tourist.de\/en\/wp-content\/uploads\/2023\/08\/see-1024x768.jpg 1024w, https:\/\/www.mecklenburg-tourist.de\/en\/wp-content\/uploads\/2023\/08\/see-768x576.jpg 768w, https:\/\/www.mecklenburg-tourist.de\/en\/wp-content\/uploads\/2023\/08\/see-1536x1152.jpg 1536w, https:\/\/www.mecklenburg-tourist.de\/en\/wp-content\/uploads\/2023\/08\/see-2048x1536.jpg 2048w, https:\/\/www.mecklenburg-tourist.de\/en\/wp-content\/uploads\/2023\/08\/see-689x517.jpg 689w, https:\/\/www.mecklenburg-tourist.de\/en\/wp-content\/uploads\/2023\/08\/see-1200x900.jpg 1200w\" sizes=\"(max-width: 300px) 100vw, 300px\" \/><img loading=\"lazy\" class=\"alignnone size-medium wp-image-1044\" src=\"https:\/\/www.mecklenburg-tourist.de\/en\/wp-content\/uploads\/2021\/07\/IMG-1434-225x300.jpg\" alt=\"\" width=\"225\" height=\"300\" srcset=\"https:\/\/www.mecklenburg-tourist.de\/en\/wp-content\/uploads\/2021\/07\/IMG-1434-225x300.jpg 225w, https:\/\/www.mecklenburg-tourist.de\/en\/wp-content\/uploads\/2021\/07\/IMG-1434-768x1024.jpg 768w, https:\/\/www.mecklenburg-tourist.de\/en\/wp-content\/uploads\/2021\/07\/IMG-1434-1152x1536.jpg 1152w, https:\/\/www.mecklenburg-tourist.de\/en\/wp-content\/uploads\/2021\/07\/IMG-1434-1536x2048.jpg 1536w, https:\/\/www.mecklenburg-tourist.de\/en\/wp-content\/uploads\/2021\/07\/IMG-1434-388x517.jpg 388w, https:\/\/www.mecklenburg-tourist.de\/en\/wp-content\/uploads\/2021\/07\/IMG-1434-675x900.jpg 675w, https:\/\/www.mecklenburg-tourist.de\/en\/wp-content\/uploads\/2021\/07\/IMG-1434-scaled.jpg 1920w\" sizes=\"(max-width: 225px) 100vw, 225px\" \/><\/p>\n<p><img loading=\"lazy\" class=\"alignnone size-medium wp-image-1390\" src=\"https:\/\/www.mecklenburg-tourist.de\/en\/wp-content\/uploads\/2022\/08\/IMG_20220710_185208-300x225.jpg\" alt=\"\" width=\"300\" height=\"225\" srcset=\"https:\/\/www.mecklenburg-tourist.de\/en\/wp-content\/uploads\/2022\/08\/IMG_20220710_185208-300x225.jpg 300w, https:\/\/www.mecklenburg-tourist.de\/en\/wp-content\/uploads\/2022\/08\/IMG_20220710_185208-1024x768.jpg 1024w, https:\/\/www.mecklenburg-tourist.de\/en\/wp-content\/uploads\/2022\/08\/IMG_20220710_185208-768x576.jpg 768w, https:\/\/www.mecklenburg-tourist.de\/en\/wp-content\/uploads\/2022\/08\/IMG_20220710_185208-1536x1152.jpg 1536w, https:\/\/www.mecklenburg-tourist.de\/en\/wp-content\/uploads\/2022\/08\/IMG_20220710_185208-2048x1536.jpg 2048w, https:\/\/www.mecklenburg-tourist.de\/en\/wp-content\/uploads\/2022\/08\/IMG_20220710_185208-689x517.jpg 689w, https:\/\/www.mecklenburg-tourist.de\/en\/wp-content\/uploads\/2022\/08\/IMG_20220710_185208-1200x900.jpg 1200w\" sizes=\"(max-width: 300px) 100vw, 300px\" \/><\/p>\n<p><img loading=\"lazy\" class=\"alignnone size-medium wp-image-1285\" src=\"https:\/\/www.mecklenburg-tourist.de\/en\/wp-content\/uploads\/2022\/04\/20210628_101053-300x225.jpg\" alt=\"\" width=\"300\" height=\"225\" srcset=\"https:\/\/www.mecklenburg-tourist.de\/en\/wp-content\/uploads\/2022\/04\/20210628_101053-300x225.jpg 300w, https:\/\/www.mecklenburg-tourist.de\/en\/wp-content\/uploads\/2022\/04\/20210628_101053-1024x768.jpg 1024w, https:\/\/www.mecklenburg-tourist.de\/en\/wp-content\/uploads\/2022\/04\/20210628_101053-768x576.jpg 768w, https:\/\/www.mecklenburg-tourist.de\/en\/wp-content\/uploads\/2022\/04\/20210628_101053-1536x1152.jpg 1536w, https:\/\/www.mecklenburg-tourist.de\/en\/wp-content\/uploads\/2022\/04\/20210628_101053-2048x1536.jpg 2048w, https:\/\/www.mecklenburg-tourist.de\/en\/wp-content\/uploads\/2022\/04\/20210628_101053-689x517.jpg 689w, https:\/\/www.mecklenburg-tourist.de\/en\/wp-content\/uploads\/2022\/04\/20210628_101053-1200x900.jpg 1200w\" sizes=\"(max-width: 300px) 100vw, 300px\" \/> <img loading=\"lazy\" class=\"alignnone size-medium wp-image-1286\" src=\"https:\/\/www.mecklenburg-tourist.de\/en\/wp-content\/uploads\/2022\/04\/IMG-1167-225x300.jpg\" alt=\"\" width=\"225\" height=\"300\" srcset=\"https:\/\/www.mecklenburg-tourist.de\/en\/wp-content\/uploads\/2022\/04\/IMG-1167-225x300.jpg 225w, https:\/\/www.mecklenburg-tourist.de\/en\/wp-content\/uploads\/2022\/04\/IMG-1167-768x1024.jpg 768w, https:\/\/www.mecklenburg-tourist.de\/en\/wp-content\/uploads\/2022\/04\/IMG-1167-1152x1536.jpg 1152w, https:\/\/www.mecklenburg-tourist.de\/en\/wp-content\/uploads\/2022\/04\/IMG-1167-1536x2048.jpg 1536w, https:\/\/www.mecklenburg-tourist.de\/en\/wp-content\/uploads\/2022\/04\/IMG-1167-388x517.jpg 388w, https:\/\/www.mecklenburg-tourist.de\/en\/wp-content\/uploads\/2022\/04\/IMG-1167-675x900.jpg 675w, https:\/\/www.mecklenburg-tourist.de\/en\/wp-content\/uploads\/2022\/04\/IMG-1167-scaled.jpg 1920w\" sizes=\"(max-width: 225px) 100vw, 225px\" \/> <img loading=\"lazy\" class=\"alignnone size-medium wp-image-1287\" src=\"https:\/\/www.mecklenburg-tourist.de\/en\/wp-content\/uploads\/2022\/04\/IMG-1168-225x300.jpg\" alt=\"\" width=\"225\" height=\"300\" srcset=\"https:\/\/www.mecklenburg-tourist.de\/en\/wp-content\/uploads\/2022\/04\/IMG-1168-225x300.jpg 225w, https:\/\/www.mecklenburg-tourist.de\/en\/wp-content\/uploads\/2022\/04\/IMG-1168-768x1024.jpg 768w, https:\/\/www.mecklenburg-tourist.de\/en\/wp-content\/uploads\/2022\/04\/IMG-1168-1152x1536.jpg 1152w, https:\/\/www.mecklenburg-tourist.de\/en\/wp-content\/uploads\/2022\/04\/IMG-1168-1536x2048.jpg 1536w, https:\/\/www.mecklenburg-tourist.de\/en\/wp-content\/uploads\/2022\/04\/IMG-1168-388x517.jpg 388w, https:\/\/www.mecklenburg-tourist.de\/en\/wp-content\/uploads\/2022\/04\/IMG-1168-675x900.jpg 675w, https:\/\/www.mecklenburg-tourist.de\/en\/wp-content\/uploads\/2022\/04\/IMG-1168-scaled.jpg 1920w\" sizes=\"(max-width: 225px) 100vw, 225px\" \/> <img loading=\"lazy\" class=\"alignnone size-medium wp-image-660\" src=\"https:\/\/www.mecklenburg-tourist.de\/en\/wp-content\/uploads\/2021\/04\/Camping-Fass_Hoelzerner-See-scaled-205x300.jpg\" alt=\"\" width=\"205\" height=\"300\" srcset=\"https:\/\/www.mecklenburg-tourist.de\/en\/wp-content\/uploads\/2021\/04\/Camping-Fass_Hoelzerner-See-scaled-205x300.jpg 205w, https:\/\/www.mecklenburg-tourist.de\/en\/wp-content\/uploads\/2021\/04\/Camping-Fass_Hoelzerner-See-scaled-700x1024.jpg 700w, https:\/\/www.mecklenburg-tourist.de\/en\/wp-content\/uploads\/2021\/04\/Camping-Fass_Hoelzerner-See-scaled-768x1123.jpg 768w, https:\/\/www.mecklenburg-tourist.de\/en\/wp-content\/uploads\/2021\/04\/Camping-Fass_Hoelzerner-See-scaled-1051x1536.jpg 1051w, https:\/\/www.mecklenburg-tourist.de\/en\/wp-content\/uploads\/2021\/04\/Camping-Fass_Hoelzerner-See-scaled-1401x2048.jpg 1401w, https:\/\/www.mecklenburg-tourist.de\/en\/wp-content\/uploads\/2021\/04\/Camping-Fass_Hoelzerner-See-scaled-616x900.jpg 616w, https:\/\/www.mecklenburg-tourist.de\/en\/wp-content\/uploads\/2021\/04\/Camping-Fass_Hoelzerner-See-scaled.jpg 1751w\" sizes=\"(max-width: 205px) 100vw, 205px\" \/><\/p>\n","protected":false},"excerpt":{"rendered":"","protected":false},"author":1,"featured_media":0,"parent":0,"menu_order":0,"comment_status":"closed","ping_status":"closed","template":"pageRent.php","meta":[],"yoast_head":"<!-- This site is optimized with the Yoast SEO plugin v16.1.1 - https:\/\/yoast.com\/wordpress\/plugins\/seo\/ -->\n<meta name=\"description\" content=\"Mieten Sie sich jetzt einen Termin f\u00fcr Ihren Urlaub in einem unserer 3 wundersch\u00f6nen Campingpl\u00e4tze in Mecklenburg &amp; Brandenburg.\" \/>\n<link rel=\"canonical\" href=\"https:\/\/www.mecklenburg-tourist.de\/en\/vermietung\/\" \/>\n<meta property=\"og:locale\" content=\"de_DE\" \/>\n<meta property=\"og:type\" content=\"article\" \/>\n<meta property=\"og:title\" content=\"Vermietung der Campingpl\u00e4tze Liepnitzsee, Canower See &amp; H\u00f6lzerner See\" \/>\n<meta property=\"og:description\" content=\"Mieten Sie sich jetzt einen Termin f\u00fcr Ihren Urlaub in einem unserer 3 wundersch\u00f6nen Campingpl\u00e4tze in Mecklenburg &amp; Brandenburg.\" \/>\n<meta property=\"og:url\" content=\"https:\/\/www.mecklenburg-tourist.de\/en\/vermietung\/\" \/>\n<meta property=\"og:site_name\" content=\"Mecklenburg Tourist\" \/>\n<meta property=\"article:modified_time\" content=\"2023-08-05T11:13:17+00:00\" \/>\n<meta property=\"og:image\" content=\"https:\/\/www.mecklenburg-tourist.de\/en\/wp-content\/uploads\/2023\/08\/aussicht-300x208.jpg\" \/>\n<meta name=\"twitter:card\" content=\"summary_large_image\" \/>\n<meta name=\"twitter:label1\" content=\"Gesch\u00e4tzte Lesezeit\">\n\t<meta name=\"twitter:data1\" content=\"3\u00a0Minuten\">\n<script type=\"application\/ld+json\" class=\"yoast-schema-graph\">{\"@context\":\"https:\/\/schema.org\",\"@graph\":[{\"@type\":\"WebSite\",\"@id\":\"https:\/\/www.mecklenburg-tourist.de\/en\/#website\",\"url\":\"https:\/\/www.mecklenburg-tourist.de\/en\/\",\"name\":\"Mecklenburg Tourist\",\"description\":\"Eine weitere WordPress-Website\",\"potentialAction\":[{\"@type\":\"SearchAction\",\"target\":\"https:\/\/www.mecklenburg-tourist.de\/en\/?s={search_term_string}\",\"query-input\":\"required name=search_term_string\"}],\"inLanguage\":\"de\"},{\"@type\":\"ImageObject\",\"@id\":\"https:\/\/www.mecklenburg-tourist.de\/en\/vermietung\/#primaryimage\",\"inLanguage\":\"de\",\"url\":\"https:\/\/www.mecklenburg-tourist.de\/en\/wp-content\/uploads\/2023\/08\/aussicht-scaled.jpg\",\"contentUrl\":\"https:\/\/www.mecklenburg-tourist.de\/en\/wp-content\/uploads\/2023\/08\/aussicht-scaled.jpg\",\"width\":2560,\"height\":1773},{\"@type\":\"WebPage\",\"@id\":\"https:\/\/www.mecklenburg-tourist.de\/en\/vermietung\/#webpage\",\"url\":\"https:\/\/www.mecklenburg-tourist.de\/en\/vermietung\/\",\"name\":\"Vermietung der Campingpl\\u00e4tze Liepnitzsee, Canower See & H\\u00f6lzerner See\",\"isPartOf\":{\"@id\":\"https:\/\/www.mecklenburg-tourist.de\/en\/#website\"},\"primaryImageOfPage\":{\"@id\":\"https:\/\/www.mecklenburg-tourist.de\/en\/vermietung\/#primaryimage\"},\"datePublished\":\"2021-04-02T10:07:26+00:00\",\"dateModified\":\"2023-08-05T11:13:17+00:00\",\"description\":\"Mieten Sie sich jetzt einen Termin f\\u00fcr Ihren Urlaub in einem unserer 3 wundersch\\u00f6nen Campingpl\\u00e4tze in Mecklenburg & Brandenburg.\",\"breadcrumb\":{\"@id\":\"https:\/\/www.mecklenburg-tourist.de\/en\/vermietung\/#breadcrumb\"},\"inLanguage\":\"de\",\"potentialAction\":[{\"@type\":\"ReadAction\",\"target\":[\"https:\/\/www.mecklenburg-tourist.de\/en\/vermietung\/\"]}]},{\"@type\":\"BreadcrumbList\",\"@id\":\"https:\/\/www.mecklenburg-tourist.de\/en\/vermietung\/#breadcrumb\",\"itemListElement\":[{\"@type\":\"ListItem\",\"position\":1,\"item\":{\"@type\":\"WebPage\",\"@id\":\"https:\/\/www.mecklenburg-tourist.de\/en\/\",\"url\":\"https:\/\/www.mecklenburg-tourist.de\/en\/\",\"name\":\"Startseite\"}},{\"@type\":\"ListItem\",\"position\":2,\"item\":{\"@type\":\"WebPage\",\"@id\":\"https:\/\/www.mecklenburg-tourist.de\/en\/vermietung\/\",\"url\":\"https:\/\/www.mecklenburg-tourist.de\/en\/vermietung\/\",\"name\":\"Vermietung\"}}]}]}<\/script>\n<!-- \/ Yoast SEO plugin. -->","_links":{"self":[{"href":"https:\/\/www.mecklenburg-tourist.de\/en\/wp-json\/wp\/v2\/pages\/45"}],"collection":[{"href":"https:\/\/www.mecklenburg-tourist.de\/en\/wp-json\/wp\/v2\/pages"}],"about":[{"href":"https:\/\/www.mecklenburg-tourist.de\/en\/wp-json\/wp\/v2\/types\/page"}],"author":[{"embeddable":true,"href":"https:\/\/www.mecklenburg-tourist.de\/en\/wp-json\/wp\/v2\/users\/1"}],"replies":[{"embeddable":true,"href":"https:\/\/www.mecklenburg-tourist.de\/en\/wp-json\/wp\/v2\/comments?post=45"}],"version-history":[{"count":84,"href":"https:\/\/www.mecklenburg-tourist.de\/en\/wp-json\/wp\/v2\/pages\/45\/revisions"}],"predecessor-version":[{"id":1440,"href":"https:\/\/www.mecklenburg-tourist.de\/en\/wp-json\/wp\/v2\/pages\/45\/revisions\/1440"}],"wp:attachment":[{"href":"https:\/\/www.mecklenburg-tourist.de\/en\/wp-json\/wp\/v2\/media?parent=45"}],"curies":[{"name":"wp","href":"https:\/\/api.w.org\/{rel}","templated":true}]}}